{"id":2,"date":"2023-10-01T22:11:46","date_gmt":"2023-10-01T22:11:46","guid":{"rendered":"http:\/\/proinbudarchitekt.pl\/?page_id=2"},"modified":"2024-10-12T16:04:00","modified_gmt":"2024-10-12T16:04:00","slug":"rodo","status":"publish","type":"page","link":"https:\/\/proinbudarchitekt.pl\/index.php\/rodo\/","title":{"rendered":"Obowi\u0105zek Informacyjny"},"content":{"rendered":"\t\t<div data-elementor-type=\"wp-page\" data-elementor-id=\"2\" class=\"elementor elementor-2\">\n\t\t\t\t<div class=\"elementor-element elementor-element-2cdefd68 e-flex e-con-boxed e-con e-parent\" data-id=\"2cdefd68\" data-element_type=\"container\" data-e-type=\"container\">\n\t\t\t\t\t<div class=\"e-con-inner\">\n\t\t\t\t<div class=\"elementor-element elementor-element-270274b2 elementor-widget elementor-widget-text-editor\" data-id=\"270274b2\" data-element_type=\"widget\" data-e-type=\"widget\" data-widget_type=\"text-editor.default\">\n\t\t\t\t<div class=\"elementor-widget-container\">\n\t\t\t\t\t\t\t\t\t\n<p>Administratorem danych osobowych U\u017cytkownika udost\u0119pnionych za po\u015brednictwem formularza kontaktowego, czyli podmiotem decyduj\u0105cym o celach i sposobach ich przetwarzania, jest <strong>Dariusz Wawrzak Biuro Projekt\u00f3w i Obs\u0142ugi Inwestycji Proinbud Kili\u0144skiego 14, 98-330 Paj\u0119czno NIP: 574 109 96 84,\u00a0<\/strong><em>(dalej jako Administrator)<\/em>.<\/p>\n<p>Podane przez\u00a0U\u017cytkownika w\u00a0formularzu kontaktowym dane osobowe s\u0105\u00a0przetwarzane przez\u00a0Administratora na\u00a0podstawie zgody wyra\u017conej przez\u00a0U\u017cytkownika, w\u00a0rozumieniu art. 6 ust. 1 lit. a)Rozporz\u0105dzenia Parlamentu Europejskiego i\u00a0Rady (UE) 2016\/679 z\u00a0dnia 27 kwietnia 2016\u00a0r. w\u00a0sprawie ochrony os\u00f3b fizycznych w\u00a0zwi\u0105zku z\u00a0przetwarzaniem danych osobowych i\u00a0w\u00a0sprawie swobodnego przep\u0142ywu takich danych oraz\u00a0uchylenia dyrektywy 95\/46\/WE \u2013 zwanego dalej RODO.<\/p>\n<p>Podanie danych osobowych zawartych w\u00a0formularzu kontaktowym jest dobrowolne. U\u017cytkownik ma\u00a0prawo do\u00a0cofni\u0119cia wyra\u017conej zgody w\u00a0dowolnym momencie poprzez kontakt z\u00a0Administratorem\u00a0<strong>proinbud@o2.pl,<\/strong>\u00a0bez\u00a0wp\u0142ywu na\u00a0zgodno\u015b\u0107 z\u00a0prawem przetwarzania, kt\u00f3rego\u00a0dokonano na\u00a0podstawie zgody przed\u00a0jej cofni\u0119ciem.<\/p>\n<p>U\u017cytkownikowi przys\u0142uguje prawo dost\u0119pu do\u00a0swoich danych osobowych w\u00a0ka\u017cdym czasie, ich sprostowania, usuni\u0119cia lub ograniczenia przetwarzania oraz\u00a0prawo do\u00a0wniesienia sprzeciwu wobec przetwarzania, a\u00a0tak\u017ce prawo do\u00a0przenoszenia danych.<\/p>\n<p>Administrator przetwarza dane osobowe U\u017cytkownika Serwisu w\u00a0nast\u0119puj\u0105cych celach:<\/p>\n<ol>\n<li>Komunikacji z\u00a0U\u017cytkownikiem, w\u00a0szczeg\u00f3lno\u015bci obs\u0142ugi reklamacji dotycz\u0105cych produkt\u00f3w lub us\u0142ug Administratora;<\/li>\n<li>Przedstawiania U\u017cytkownikowi ofert handlowych drog\u0105 elektroniczn\u0105;<\/li>\n<li>Przedstawiania U\u017cytkownikowi ofert handlowych w\u00a0kontakcie telefonicznym.<\/li>\n<\/ol>\n<p>Administrator mo\u017ce przetwarza\u0107 dane osobowe U\u017cytkownika podane w\u00a0formularzu kontaktowym r\u00f3wnie\u017c w\u00a0nast\u0119puj\u0105cych celach:<\/p>\n<ol>\n<li>w\u00a0celu zawarcia i\u00a0realizacji ewentualnej umowy pomi\u0119dzy U\u017cytkownikiem a\u00a0Administratorem oraz\u00a0obs\u0142ugi U\u017cytkownika jako klienta Administratora zgodnie z\u00a0art. 6 ust. 1 lit. b) RODO;<\/li>\n<li>w\u00a0celu prowadzenia rozlicze\u0144 finansowych z\u00a0U\u017cytkownikiem b\u0119d\u0105cym klientem Administratora tytu\u0142em realizacji ewentualnej umowy zawartej mi\u0119dzy stronami, a\u00a0tak\u017ce ewentualnego dochodzenia roszcze\u0144 od\u00a0U\u017cytkownika b\u0119d\u0105cego klientem w\u00a0ramach prawnie uzasadnionego interesu Administratora zgodnie z\u00a0art. 6 ust. 1 lit. f) RODO oraz\u00a0spe\u0142nienia obowi\u0105zk\u00f3w prawnych Administratora wobec organ\u00f3w podatkowych na\u00a0podstawie odr\u0119bnych przepis\u00f3w zgodnie z\u00a0art. 6 ust. 1 lit. c) RODO;<\/li>\n<li>w\u00a0celu realizacji dzia\u0142a\u0144 marketingowych Administratora w\u00a0ramach prawnie uzasadnionego interesu Administratora w\u00a0rozumieniu art. 6 ust. 1 lit. f) RODO, a\u00a0tak\u017ce zgodnie z\u00a0o\u015bwiadczeniami woli dotycz\u0105cymi komunikacji marketingowej z\u0142o\u017conymi wobec Administratora. Zgody udzielone w\u00a0zakresie komunikacji marketingowej (np.\u00a0na\u00a0przesy\u0142anie informacji handlowych drog\u0105 elektroniczn\u0105 lub kontakt telefoniczny w\u00a0celach marketingu bezpo\u015bredniego) mog\u0105 by\u0107 wycofane w\u00a0dowolnym czasie, bez\u00a0wp\u0142ywu na\u00a0zgodno\u015b\u0107 z\u00a0prawem przetwarzania, kt\u00f3rego\u00a0dokonano na\u00a0podstawie zgody przed\u00a0jej cofni\u0119ciem;<\/li>\n<li>w\u00a0celu realizacji obowi\u0105zk\u00f3w prawnych Administratora wobec U\u017cytkownika okre\u015blonych w\u00a0RODO, w\u00a0rozumieniu art. 6 ust. 1 lit. c) RODO.<\/li>\n<\/ol>\n<p>Wi\u0119cej informacji dotycz\u0105cych powy\u017cszych cel\u00f3w przetwarzania danych osobowych U\u017cytkownika znajduje si\u0119 w\u00a0<a href=\"http:\/\/proinbudarchitektpajeczno.pl\/polityka-prywatnosci\">Polityce prywatno\u015bci<\/a>\u00a0opublikowanej w\u00a0Serwisie.<\/p>\n<p>Dane osobowe U\u017cytkownika nie\u00a0s\u0105\u00a0przekazywane przez\u00a0Administratora podmiotom trzecim.<\/p>\n<p>Administrator przechowuje dane osobowe przez\u00a0taki okres, jaki jest konieczny do\u00a0osi\u0105gni\u0119cia okre\u015blonych cel\u00f3w, tj.:<\/p>\n<ul>\n<li>przez\u00a0okres prowadzenia dzia\u0142alno\u015bci gospodarczej przez\u00a0Administratora.<\/li>\n<\/ul>\n<p>W\u00a0przypadku jakichkolwiek pyta\u0144 lub problem\u00f3w zwi\u0105zanych z\u00a0przetwarzaniem danych osobowych nale\u017cy kontaktowa\u0107 si\u0119 z\u00a0Administratorem pod\u00a0nast\u0119puj\u0105cym adresem:<br \/><strong>Kili\u0144skiego 14, 98-330 Paj\u0119czno proinbud@o2.pl.<\/strong><\/p>\n<p>U\u017cytkownik ma\u00a0prawo do\u00a0wniesienia skargi do\u00a0Prezesa Urz\u0119du Ochrony Danych Osobowych.<\/p>\n\t\t\t\t\t\t\t\t<\/div>\n\t\t\t\t<\/div>\n\t\t\t\t\t<\/div>\n\t\t\t\t<\/div>\n\t\t\t\t<\/div>\n\t\t","protected":false},"excerpt":{"rendered":"<p>Administratorem danych osobowych U\u017cytkownika udost\u0119pnionych za po\u015brednictwem formularza kontaktowego, czyli podmiotem decyduj\u0105cym o celach i sposobach ich przetwarzania, jest Dariusz Wawrzak Biuro Projekt\u00f3w i Obs\u0142ugi Inwestycji Proinbud Kili\u0144skiego 14, 98-330 Paj\u0119czno NIP: 574 109 96 84,\u00a0(dalej jako Administrator). Podane przez\u00a0U\u017cytkownika w\u00a0formularzu kontaktowym dane osobowe s\u0105\u00a0przetwarzane przez\u00a0Administratora na\u00a0podstawie zgody wyra\u017conej przez\u00a0U\u017cytkownika, w\u00a0rozumieniu art. 6 ust. 1 [&hellip;]<\/p>\n","protected":false},"author":1,"featured_media":0,"parent":0,"menu_order":0,"comment_status":"closed","ping_status":"closed","template":"","meta":{"_monsterinsights_skip_tracking":false,"_monsterinsights_sitenote_active":false,"_monsterinsights_sitenote_note":"","_monsterinsights_sitenote_category":0,"_uf_show_specific_survey":0,"_uf_disable_surveys":false,"footnotes":""},"class_list":["post-2","page","type-page","status-publish","hentry"],"_links":{"self":[{"href":"https:\/\/proinbudarchitekt.pl\/index.php\/wp-json\/wp\/v2\/pages\/2"}],"collection":[{"href":"https:\/\/proinbudarchitekt.pl\/index.php\/wp-json\/wp\/v2\/pages"}],"about":[{"href":"https:\/\/proinbudarchitekt.pl\/index.php\/wp-json\/wp\/v2\/types\/page"}],"author":[{"embeddable":true,"href":"https:\/\/proinbudarchitekt.pl\/index.php\/wp-json\/wp\/v2\/users\/1"}],"replies":[{"embeddable":true,"href":"https:\/\/proinbudarchitekt.pl\/index.php\/wp-json\/wp\/v2\/comments?post=2"}],"version-history":[{"count":4,"href":"https:\/\/proinbudarchitekt.pl\/index.php\/wp-json\/wp\/v2\/pages\/2\/revisions"}],"predecessor-version":[{"id":1319,"href":"https:\/\/proinbudarchitekt.pl\/index.php\/wp-json\/wp\/v2\/pages\/2\/revisions\/1319"}],"wp:attachment":[{"href":"https:\/\/proinbudarchitekt.pl\/index.php\/wp-json\/wp\/v2\/media?parent=2"}],"curies":[{"name":"wp","href":"https:\/\/api.w.org\/{rel}","templated":true}]}}